{"id":191,"date":"2019-10-03T19:58:44","date_gmt":"2019-10-03T19:58:44","guid":{"rendered":"http:\/\/kinderhilfeverein-indien.de\/?page_id=191"},"modified":"2019-10-03T19:58:44","modified_gmt":"2019-10-03T19:58:44","slug":"geschichte","status":"publish","type":"page","link":"https:\/\/kinderhilfeverein-indien.de\/?page_id=191","title":{"rendered":"Geschichte"},"content":{"rendered":"\n<h2 class=\"wp-block-heading\">Die Entstehung des Vereins <\/h2>\n\n\n\n<figure class=\"wp-block-image\"><img loading=\"lazy\" decoding=\"async\" width=\"1024\" height=\"38\" src=\"http:\/\/kinderhilfeverein-indien.de\/wp-content\/uploads\/2019\/09\/Unterstreichen2-1024x38.png\" alt=\"\" class=\"wp-image-119\" srcset=\"https:\/\/kinderhilfeverein-indien.de\/wp-content\/uploads\/2019\/09\/Unterstreichen2-1024x38.png 1024w, https:\/\/kinderhilfeverein-indien.de\/wp-content\/uploads\/2019\/09\/Unterstreichen2-300x11.png 300w, https:\/\/kinderhilfeverein-indien.de\/wp-content\/uploads\/2019\/09\/Unterstreichen2-768x29.png 768w, https:\/\/kinderhilfeverein-indien.de\/wp-content\/uploads\/2019\/09\/Unterstreichen2.png 1509w\" sizes=\"auto, (max-width: 767px) 89vw, (max-width: 1000px) 54vw, (max-width: 1071px) 543px, 580px\" \/><\/figure>\n\n\n\n<p>Unser Verein \u201e<strong>Kanam\u00fcllers Kinderhilfe Indien e.V<\/strong>.\u201c hat seinen Ursprung im beispiellosen Engagement von Otto Kanam\u00fcller (+2018).  <\/p>\n\n\n\n<p>Im Rahmen seiner beruflichen Auslandst\u00e4tigkeit in Indien als Kfz-Meister ersch\u00fctterte ihn das Leid der Kinder, die oft ohne Eltern auf den Stra\u00dfen ums \u00dcberleben k\u00e4mpften. Daher gr\u00fcndete er 2008 ein Waisenhaus in Perumanam, in der Provinz Tamil Nadu, dessen Bau er durch eigene Mittel sowie aus Spenden realisierte. <\/p>\n\n\n\n<p>Heute leben dort etwa 40 Stra\u00dfen- und Waisenkinder, die von den Ordensschwestern \u201eSisters of the Destitute\u201c umsorgt und betreut werden.<\/p>\n\n\n\n<p>Neben dem Bau und der Ausstattung des Waisenhauses konnten mittlerweile 30 Patenschaften vermittelt werden, die den Patenkindern ein w\u00fcrdevolles Leben sowie eine hoffnungsvolle Zukunft erm\u00f6glichen. <\/p>\n\n\n\n<figure class=\"wp-block-image\"><img loading=\"lazy\" decoding=\"async\" width=\"1024\" height=\"570\" src=\"http:\/\/kinderhilfeverein-indien.de\/wp-content\/uploads\/2019\/10\/Bild2-1024x570.png\" alt=\"\" class=\"wp-image-194\" srcset=\"https:\/\/kinderhilfeverein-indien.de\/wp-content\/uploads\/2019\/10\/Bild2-1024x570.png 1024w, https:\/\/kinderhilfeverein-indien.de\/wp-content\/uploads\/2019\/10\/Bild2-300x167.png 300w, https:\/\/kinderhilfeverein-indien.de\/wp-content\/uploads\/2019\/10\/Bild2-768x428.png 768w, https:\/\/kinderhilfeverein-indien.de\/wp-content\/uploads\/2019\/10\/Bild2.png 1182w\" sizes=\"auto, (max-width: 767px) 89vw, (max-width: 1000px) 54vw, (max-width: 1071px) 543px, 580px\" \/><\/figure>\n\n\n\n<p>2012 wurde der \u201eVerein zur F\u00f6rderung notleidender Stra\u00dfen-, Waisen- und behinderter Kinder in Indien\u201c gegr\u00fcndet. Nach dem Tod Otto Kanam\u00fcllers, im M\u00e4rz 2018, f\u00fchrt seine Tochter Silvia den Verein in seinem Sinne weiter. Seit 2019 hei\u00dft der Verein \u201eKanam\u00fcllers Kinderhilfe Indien e.V.\u201c.\n<\/p>\n","protected":false},"excerpt":{"rendered":"<p>Die Entstehung des Vereins Unser Verein \u201eKanam\u00fcllers Kinderhilfe Indien e.V.\u201c hat seinen Ursprung im beispiellosen Engagement von Otto Kanam\u00fcller (+2018). Im Rahmen seiner beruflichen Auslandst\u00e4tigkeit in Indien als Kfz-Meister ersch\u00fctterte ihn das Leid der Kinder, die oft ohne Eltern auf den Stra\u00dfen ums \u00dcberleben k\u00e4mpften. Daher gr\u00fcndete er 2008 ein Waisenhaus in Perumanam, in der &hellip; <\/p>\n<p class=\"link-more\"><a href=\"https:\/\/kinderhilfeverein-indien.de\/?page_id=191\" class=\"more-link\"><span class=\"screen-reader-text\">\u201eGeschichte\u201c <\/span>weiterlesen<\/a><\/p>\n","protected":false},"author":1,"featured_media":0,"parent":0,"menu_order":0,"comment_status":"closed","ping_status":"closed","template":"","meta":{"footnotes":""},"class_list":["post-191","page","type-page","status-publish","hentry"],"_links":{"self":[{"href":"https:\/\/kinderhilfeverein-indien.de\/index.php?rest_route=\/wp\/v2\/pages\/191","targetHints":{"allow":["GET"]}}],"collection":[{"href":"https:\/\/kinderhilfeverein-indien.de\/index.php?rest_route=\/wp\/v2\/pages"}],"about":[{"href":"https:\/\/kinderhilfeverein-indien.de\/index.php?rest_route=\/wp\/v2\/types\/page"}],"author":[{"embeddable":true,"href":"https:\/\/kinderhilfeverein-indien.de\/index.php?rest_route=\/wp\/v2\/users\/1"}],"replies":[{"embeddable":true,"href":"https:\/\/kinderhilfeverein-indien.de\/index.php?rest_route=%2Fwp%2Fv2%2Fcomments&post=191"}],"version-history":[{"count":3,"href":"https:\/\/kinderhilfeverein-indien.de\/index.php?rest_route=\/wp\/v2\/pages\/191\/revisions"}],"predecessor-version":[{"id":317,"href":"https:\/\/kinderhilfeverein-indien.de\/index.php?rest_route=\/wp\/v2\/pages\/191\/revisions\/317"}],"wp:attachment":[{"href":"https:\/\/kinderhilfeverein-indien.de\/index.php?rest_route=%2Fwp%2Fv2%2Fmedia&parent=191"}],"curies":[{"name":"wp","href":"https:\/\/api.w.org\/{rel}","templated":true}]}}