{"id":200,"date":"2019-10-03T20:15:03","date_gmt":"2019-10-03T20:15:03","guid":{"rendered":"http:\/\/kinderhilfeverein-indien.de\/?page_id=200"},"modified":"2019-10-04T11:54:20","modified_gmt":"2019-10-04T11:54:20","slug":"ziele-und-aufgaben","status":"publish","type":"page","link":"https:\/\/kinderhilfeverein-indien.de\/?page_id=200","title":{"rendered":"Ziele und Aufgaben"},"content":{"rendered":"\n<h2 class=\"wp-block-heading\">Unsere Ziele und Aufgaben\n<\/h2>\n\n\n\n<figure class=\"wp-block-image\"><img loading=\"lazy\" decoding=\"async\" width=\"1024\" height=\"38\" src=\"http:\/\/kinderhilfeverein-indien.de\/wp-content\/uploads\/2019\/09\/Unterstreichen2-1024x38.png\" alt=\"\" class=\"wp-image-119\" srcset=\"https:\/\/kinderhilfeverein-indien.de\/wp-content\/uploads\/2019\/09\/Unterstreichen2-1024x38.png 1024w, https:\/\/kinderhilfeverein-indien.de\/wp-content\/uploads\/2019\/09\/Unterstreichen2-300x11.png 300w, https:\/\/kinderhilfeverein-indien.de\/wp-content\/uploads\/2019\/09\/Unterstreichen2-768x29.png 768w, https:\/\/kinderhilfeverein-indien.de\/wp-content\/uploads\/2019\/09\/Unterstreichen2.png 1509w\" sizes=\"auto, (max-width: 767px) 89vw, (max-width: 1000px) 54vw, (max-width: 1071px) 543px, 580px\" \/><\/figure>\n\n\n\n<figure class=\"wp-block-image\"><img loading=\"lazy\" decoding=\"async\" width=\"1024\" height=\"596\" src=\"http:\/\/kinderhilfeverein-indien.de\/wp-content\/uploads\/2019\/10\/Bild3-1-1024x596.png\" alt=\"\" class=\"wp-image-202\" srcset=\"https:\/\/kinderhilfeverein-indien.de\/wp-content\/uploads\/2019\/10\/Bild3-1-1024x596.png 1024w, https:\/\/kinderhilfeverein-indien.de\/wp-content\/uploads\/2019\/10\/Bild3-1-300x174.png 300w, https:\/\/kinderhilfeverein-indien.de\/wp-content\/uploads\/2019\/10\/Bild3-1-768x447.png 768w, https:\/\/kinderhilfeverein-indien.de\/wp-content\/uploads\/2019\/10\/Bild3-1.png 1195w\" sizes=\"auto, (max-width: 767px) 89vw, (max-width: 1000px) 54vw, (max-width: 1071px) 543px, 580px\" \/><\/figure>\n\n\n\n<p>Der Zweck unseres Vereins ist die F\u00f6rderung, Erziehung und finanzielle Unterst\u00fctzung bed\u00fcrftiger und notleidender Kinder in Indien, wie z. B. armer und \/ oder behinderter Kinder sowie Stra\u00dfen- und Waisenkinder. <\/p>\n\n\n\n<figure class=\"wp-block-image is-resized\"><img loading=\"lazy\" decoding=\"async\" src=\"http:\/\/kinderhilfeverein-indien.de\/wp-content\/uploads\/2019\/10\/Bild4.png\" alt=\"\" class=\"wp-image-203\" width=\"649\" height=\"451\"\/><\/figure>\n\n\n\n<p>Insbesondere erm\u00f6glichen wir den Kindern den Zugang zu einer medizinischen Grundversorgung und f\u00f6rdern deren Bildung und Existenzsicherung. <\/p>\n\n\n\n<p>Ebenso ist es unser Ziel, auch Partner vor Ort zu finden, um mehr Unabh\u00e4ngigkeit und Eigeninitiative im Bereich Berufsausbildung und Landwirtschaft zu f\u00f6rdern. Unser Projekt soll langfristig lokale Strukturen st\u00e4rken und mehr Autonomie erm\u00f6glichen.<\/p>\n","protected":false},"excerpt":{"rendered":"<p>Unsere Ziele und Aufgaben Der Zweck unseres Vereins ist die F\u00f6rderung, Erziehung und finanzielle Unterst\u00fctzung bed\u00fcrftiger und notleidender Kinder in Indien, wie z. B. armer und \/ oder behinderter Kinder sowie Stra\u00dfen- und Waisenkinder. Insbesondere erm\u00f6glichen wir den Kindern den Zugang zu einer medizinischen Grundversorgung und f\u00f6rdern deren Bildung und Existenzsicherung. Ebenso ist es unser &hellip; <\/p>\n<p class=\"link-more\"><a href=\"https:\/\/kinderhilfeverein-indien.de\/?page_id=200\" class=\"more-link\"><span class=\"screen-reader-text\">\u201eZiele und Aufgaben\u201c <\/span>weiterlesen<\/a><\/p>\n","protected":false},"author":1,"featured_media":0,"parent":0,"menu_order":0,"comment_status":"closed","ping_status":"closed","template":"","meta":{"footnotes":""},"class_list":["post-200","page","type-page","status-publish","hentry"],"_links":{"self":[{"href":"https:\/\/kinderhilfeverein-indien.de\/index.php?rest_route=\/wp\/v2\/pages\/200","targetHints":{"allow":["GET"]}}],"collection":[{"href":"https:\/\/kinderhilfeverein-indien.de\/index.php?rest_route=\/wp\/v2\/pages"}],"about":[{"href":"https:\/\/kinderhilfeverein-indien.de\/index.php?rest_route=\/wp\/v2\/types\/page"}],"author":[{"embeddable":true,"href":"https:\/\/kinderhilfeverein-indien.de\/index.php?rest_route=\/wp\/v2\/users\/1"}],"replies":[{"embeddable":true,"href":"https:\/\/kinderhilfeverein-indien.de\/index.php?rest_route=%2Fwp%2Fv2%2Fcomments&post=200"}],"version-history":[{"count":2,"href":"https:\/\/kinderhilfeverein-indien.de\/index.php?rest_route=\/wp\/v2\/pages\/200\/revisions"}],"predecessor-version":[{"id":213,"href":"https:\/\/kinderhilfeverein-indien.de\/index.php?rest_route=\/wp\/v2\/pages\/200\/revisions\/213"}],"wp:attachment":[{"href":"https:\/\/kinderhilfeverein-indien.de\/index.php?rest_route=%2Fwp%2Fv2%2Fmedia&parent=200"}],"curies":[{"name":"wp","href":"https:\/\/api.w.org\/{rel}","templated":true}]}}