{"id":233,"date":"2019-10-12T15:51:13","date_gmt":"2019-10-12T15:51:13","guid":{"rendered":"http:\/\/kinderhilfeverein-indien.de\/?page_id=233"},"modified":"2019-10-12T16:11:08","modified_gmt":"2019-10-12T16:11:08","slug":"satzung","status":"publish","type":"page","link":"https:\/\/kinderhilfeverein-indien.de\/?page_id=233","title":{"rendered":"Satzung"},"content":{"rendered":"\n<h1 class=\"wp-block-heading\" style=\"text-align:center\"><strong>Kanam\u00fcllers Kinderhilfe Indien<\/strong><\/h1>\n\n\n\n<h1 class=\"wp-block-heading\">  <\/h1>\n\n\n\n<p><strong>\u00a7 1 Name und Sitz<\/strong><\/p>\n\n\n\n<ol class=\"wp-block-list\"><li>Der Verein f\u00fchrt den Namen \u201eKanam\u00fcllers Kinderhilfe Indien\u201c<\/li><li>Er f\u00fchrt nach Eintragung in das Vereinsregister den Namenszusatz \u201eeingetragener Verein\u201c in der abgek\u00fcrzten Form \u201ee.V.\u201c<\/li><li>Der Verein hat seinen Sitz in 85241 Hebertshausen.<br>      <br>      <\/li><\/ol>\n\n\n\n<p><strong>\u00a7 2 Zweck des Vereins<\/strong><\/p>\n\n\n\n<p>Zweck des Vereins ist\ndie F\u00f6rderung und Erziehung der Jugend, sowie die Unterst\u00fctzung\nhilfsbed\u00fcrftiger Kinder durch die ideelle und finanzielle F\u00f6rderung anderer\nsteuerbeg\u00fcnstigter K\u00f6rperschaften, von K\u00f6rperschaften des \u00f6ffentlichen Rechts\nund auch von ausl\u00e4ndischen K\u00f6rperschaften zur ideellen und materiellen\nF\u00f6rderung und Pflege der bed\u00fcrftigen und notleidenden Kinder in Indien, wie\nz.B. arme, kranke und \/ oder behinderte Kinder, sowie Stra\u00dfen- und Waisenkinder.<\/p>\n\n\n\n<p>Der Verein verfolgt\nausschlie\u00dflich und unmittelbar gemeinn\u00fctzige und mildt\u00e4tige Zwecke im Sinne des\nAbschnitts \u2013 steuerbeg\u00fcnstigte Zwecke \u2013 laut Abgabenordnung.<br>\n<br>\n<\/p>\n\n\n\n<p><strong>\u00a7 3 Vereinst\u00e4tigkeit<\/strong><\/p>\n\n\n\n<p>Der Verein erf\u00fcllt\nseine Aufgabe durch Beschaffung von Mitteln durch Mitgliedsbeitr\u00e4ge,\nPatenschaften und Spenden, sowie durch Veranstaltungen, die der ideellen\nWerbung f\u00fcr den gef\u00f6rderten Zweck dienen.<\/p>\n\n\n\n<p>Der Verein ist\nselbstlos t\u00e4tig, er verfolgt nicht in erster Linie eigenwirtschaftliche Zwecke.<br>\n<br>\n<\/p>\n\n\n\n<p><strong>\u00a7 4 Eintragung in das Vereinsregister<\/strong><\/p>\n\n\n\n<p>Der Verein\nist im Vereinsregister eingetragen.<\/p>\n\n\n\n<p>  <\/p>\n\n\n\n<p><strong>\u00a7 5 Mittelverwendung<\/strong><\/p>\n\n\n\n<p>Mittel des Vereins\nd\u00fcrfen nur f\u00fcr die satzungsm\u00e4\u00dfigen Zwecke verwendet werden. Die Mitglieder erhalten keine Zuwendungen aus Mitteln des\nVereins.<br>\n<br>\n<\/p>\n\n\n\n<p><strong>\u00a7 6 Verbot von Beg\u00fcnstigungen<\/strong><\/p>\n\n\n\n<p>Es darf\nkeine Person durch Ausgaben, die dem Zweck der K\u00f6rperschaft fremd sind, oder\ndurch unverh\u00e4ltnism\u00e4\u00dfig hohe Verg\u00fctungen beg\u00fcnstigt werden.<br>\n<br>\n<\/p>\n\n\n\n<p><strong>\u00a7 7 Eintritt der Mitglieder<\/strong><\/p>\n\n\n\n<ol class=\"wp-block-list\"><li>Mitglied des Vereins k\u00f6nnen jede voll gesch\u00e4ftsf\u00e4hige nat\u00fcrliche Person oder juristische Personen werden.<\/li><li>Die Mitgliedschaft entsteht durch Eintritt in den Verein.<\/li><li>Die Beitrittserkl\u00e4rung ist schriftlich vorzulegen.<\/li><li>\u00dcber die Aufnahme entscheidet der Vorstand. Der Eintritt wird mit      Aush\u00e4ndigung einer schriftlichen Aufnahmeerkl\u00e4rung wirksam.<\/li><li>Ein Aufnahmeanspruch besteht nicht.<br>      <br>      <\/li><\/ol>\n\n\n\n<p><strong>\u00a7 8 Austritt der Mitglieder<\/strong><\/p>\n\n\n\n<ol class=\"wp-block-list\"><li>Die Mitglieder sind zum Austritt aus dem Verein berechtigt.<\/li><li>Der Austritt ist unter Einhaltung einer K\u00fcndigungsfrist von vier Wochen&nbsp; zum Schluss eines Kalenderjahres zul\u00e4ssig.<\/li><li>Der Austritt ist dem Vorstand schriftlich zu erkl\u00e4ren. Zur Einhaltung  der K\u00fcndigungsfrist (Absatz 2)&nbsp;ist rechtzeitiger Zugang der Austrittserkl\u00e4rung an ein Mitglied des Vorstands erforderlich.<\/li><li>Die Mitgliedschaft endet au\u00dferdem durch Tod der nat\u00fcrlichen Person oder Aufl\u00f6sung der juristischen Person.<br>      <br>      <\/li><\/ol>\n\n\n\n<p><strong>\u00a7 9 Ausschluss der Mitglieder<\/strong><\/p>\n\n\n\n<ol class=\"wp-block-list\"><li>Die Mitgliedschaft endet au\u00dferdem durch Ausschluss.<\/li><li>Der Ausschluss aus dem Verein ist nur bei vereinssch\u00e4digendem Verhalten zul\u00e4ssig.<\/li><li>\u00dcber den Ausschluss entscheidet der Vorstand.<\/li><li>Der Vorstand hat seinen Beschluss dem auszuschlie\u00dfenden Mitglied mindestens zwei Wochen vor der Mitgliederversammlung schriftlich mitzuteilen.<\/li><li>Eine schriftlich eingehende Stellungnahme des Mitglieds ist in der Mitgliederversammlung <br> zu verlesen. Danach entscheidet die Mitgliederversammlung \u00fcber den Ausschluss.<\/li><li>Der Ausschluss eines Mitglieds wird sofort mit der Beschlussfassung wirksam.<\/li><\/ol>\n\n\n\n<p>  <\/p>\n\n\n\n<p><strong>\u00a7 10 Streichung der Mitgliedschaft<\/strong><\/p>\n\n\n\n<ol class=\"wp-block-list\"><li>Ein Mitglied scheidet au\u00dferdem mit Streichung der Mitgliedschaft aus dem Verein aus.<\/li><li>Die Streichung der Mitgliedschaft erfolgt, wenn das Mitglied mit 2      Jahresbeitr\u00e4gen im R\u00fcckstand ist und diesen Betrag auch nach schriftlicher      Mahnung durch den Vorstand nicht innerhalb von 2 Monaten von der Absendung      der Mahnung an voll entrichtet. Die Mahnung muss an die letzte dem Verein      bekannte Anschrift des Mitglieds gerichtet sein.<\/li><li>In der Mahnung muss auf die bevorstehende Streichung der Mitgliedschaft hingewiesen werden.<br>      <br>      <\/li><\/ol>\n\n\n\n<p><strong>\u00a7 11 Mitgliedsbeitrag<\/strong><\/p>\n\n\n\n<ol class=\"wp-block-list\"><li>Es ist ein Mitgliedsbeitrag zu leisten.<\/li><li>Seine H\u00f6he bestimmt die Mitgliederversammlung.<\/li><li>Der Beitrag ist j\u00e4hrlich zum 25. Februar voll zu entrichten, im Jahr des Eintritts am <br>25. des \u00fcbern\u00e4chsten Monats.<\/li><li>Eine Aufnahmegeb\u00fchr wird nicht erhoben.<br>      <br>      <\/li><\/ol>\n\n\n\n<p><strong>\u00a7 12 Organe des Vereins<\/strong><\/p>\n\n\n\n<ol class=\"wp-block-list\"><li>Der Vorstand<\/li><li>Die Mitgliederversammlung<br>\n     <br>\n     <\/li><\/ol>\n\n\n\n<p><strong>\u00a7 13 Vorstand<\/strong><\/p>\n\n\n\n<ol class=\"wp-block-list\"><li>Der Vorstand (\u00a7 26 BGB) besteht aus dem 1. und 2. Vorsitzenden, dem      Schriftf\u00fchrer und dem Kassier.<\/li><li>Je zwei Vorstandsmitglieder vertreten gemeinsam.<\/li><li>Der Vorstand wird durch Beschluss der Mitgliederversammlung auf die Dauer von 2 Jahren bestellt.<\/li><li>Er bleibt bis zur satzungsgem\u00e4\u00dfen Bestellung des n\u00e4chsten Vorstands im Amt.<\/li><li>Das Amt eines Mitglieds des Vorstands endet mit seinem Ausscheiden aus      dem Verein.<\/li><li>Verschiedene Vorstands\u00e4mter k\u00f6nnen nicht in einer Person vereinigt werden.<\/li><li>Der Vorstand ist grunds\u00e4tzlich ehrenamtlich t\u00e4tig. <br>     <br><\/li><\/ol>\n\n\n\n<p><strong>\u00a7 14 Berufung der Mitgliedersammlung<\/strong><\/p>\n\n\n\n<ol class=\"wp-block-list\"><li>Die Mitgliederversammlung ist zu berufen, wenn es das Interesse des Vereins erfordert, jedoch mindestens<ol><li>wenn 1\/10 der Mitglieder die Einberufung schriftlich unter Angabe des       Zwecks und der Gr\u00fcnde verlangt.<\/li><li>j\u00e4hrlich einmal, m\u00f6glichst in den ersten drei Monaten des Kalenderjahres<\/li><li>nach Ausscheiden eines Mitglieds des Vorstands binnen 6 Monaten.<\/li><\/ol><\/li><li>In dem Jahr, in dem keine Vorstandswahl stattfindet, haben der Vorstand der nach Abs. 1 Buchst. b. zu berufenden Mitgliederversammlung einen Jahresbericht und  eine Jahresabrechnung vorzulegen und die Versammlung \u00fcber die Entlastung des Vorstands Beschluss zu fassen.<\/li><\/ol>\n\n\n\n<p>  <\/p>\n\n\n\n<p><strong>\u00a7 15 Form der Berufung<\/strong><\/p>\n\n\n\n<ol class=\"wp-block-list\"><li>Die Mitgliederversammlung ist vom Vorstand schriftlich oder per Email unter Einhaltung einer Frist von 2 Wochen zu berufen.<\/li><li>Die Berufung der Versammlung muss den Gegenstand der Beschlussfassung      (=Tagesordnung) bezeichnen.<\/li><li>Die Frist beginnt mit dem Tag der Absendung der Einladung an die letzte bekannte Mitgliederanschrift.<br>      <br>      <\/li><\/ol>\n\n\n\n<p><strong>\u00a7 16 Beschlussf\u00e4higkeit<\/strong><\/p>\n\n\n\n<ol class=\"wp-block-list\"><li>Beschlussf\u00e4hig ist jede ordnungsgem\u00e4\u00df berufene Mitgliederversammlung.<\/li><li>Zur Beschlussfassung \u00fcber die Aufl\u00f6sung des Vereins (\u00a7 41 BGB) ist die      Anwesenheit von zwei Dritteln der Vereinsmitglieder erforderlich.<\/li><li>Ist eine zur Beschlussfassung \u00fcber die Aufl\u00f6sung des Vereins einberufene Mitgliederversammlung nach Absatz 2 nicht beschlussf\u00e4hig, so ist vor Ablauf von 4 Wochen seit dem Versammlungstag eine weitere Mitgliederversammlung mit derselben Tagesordnung einzuberufen.<\/li><li>Die weitere Versammlung darf fr\u00fchestens 2 Monate nach dem ersten      Versammlungstag stattfinden, hat aber jedenfalls sp\u00e4testens 4 Monate nach      diesem Zeitpunkt zu erfolgen.<\/li><li>Zur Beschlussfassung \u00fcber die Aufl\u00f6sung des Vereins (\u00a7 41 BGB) ist eine Mehrheit von vier F\u00fcnfteln der erschienenen Mitglieder erforderlich.<br>     <br>      <\/li><\/ol>\n\n\n\n<p><strong>\u00a7 17 Beurkundung der Versammlungsbeschl\u00fcsse<\/strong><\/p>\n\n\n\n<ol class=\"wp-block-list\"><li>\u00dcber die in der Versammlung gefassten Beschl\u00fcsse ist eine Niederschrift aufzunehmen.<\/li><li>Die Niederschrift ist von dem Vorsitzenden der Versammlung zu      unterschreiben.<\/li><li>Jedes Vereinsmitglied ist berechtigt, die Niederschrift einzusehen.<br>      <br>      <\/li><\/ol>\n\n\n\n<p><strong>\u00a7 18 Aufl\u00f6sung des Vereins<\/strong><\/p>\n\n\n\n<ol class=\"wp-block-list\"><li>Der Verein kann durch Beschluss der Mitgliederversammlung aufgel\u00f6st      werden.<\/li><li>Die Liquidation erfolgt durch den Vorstand.<\/li><li>Bei Aufl\u00f6sung des Vereins oder bei Wegfall  steuerbeg\u00fcnstigter Zwecke f\u00e4llt das Vereinsverm\u00f6gen an den Orden: \u201eSisters of the Destitute\u201c, Krankenhaus der Barmherzigen Br\u00fcder, Romanstra\u00dfe 93, in 80639 M\u00fcnchen, der es unmittelbar und ausschlie\u00dflich f\u00fcr gemeinn\u00fctzige, mildt\u00e4tige oder kirchliche Zwecke zu verwenden hat.<br>      <br>      <br>      <\/li><\/ol>\n\n\n\n<p>Satzung errichtet am\n24. Januar 2012 und neugefasst in der Mitgliederversammlung <\/p>\n\n\n\n<p>vom 26.07.2019.<br>\n<br>\n<\/p>\n\n\n\n<p>Hebertshausen, den 26.07.2019<\/p>\n","protected":false},"excerpt":{"rendered":"<p>Kanam\u00fcllers Kinderhilfe Indien \u00a7 1 Name und Sitz Der Verein f\u00fchrt den Namen \u201eKanam\u00fcllers Kinderhilfe Indien\u201c Er f\u00fchrt nach Eintragung in das Vereinsregister den Namenszusatz \u201eeingetragener Verein\u201c in der abgek\u00fcrzten Form \u201ee.V.\u201c Der Verein hat seinen Sitz in 85241 Hebertshausen. \u00a7 2 Zweck des Vereins Zweck des Vereins ist die F\u00f6rderung und Erziehung der Jugend, &hellip; <\/p>\n<p class=\"link-more\"><a href=\"https:\/\/kinderhilfeverein-indien.de\/?page_id=233\" class=\"more-link\"><span class=\"screen-reader-text\">\u201eSatzung\u201c <\/span>weiterlesen<\/a><\/p>\n","protected":false},"author":1,"featured_media":0,"parent":0,"menu_order":0,"comment_status":"closed","ping_status":"closed","template":"","meta":{"footnotes":""},"class_list":["post-233","page","type-page","status-publish","hentry"],"_links":{"self":[{"href":"https:\/\/kinderhilfeverein-indien.de\/index.php?rest_route=\/wp\/v2\/pages\/233","targetHints":{"allow":["GET"]}}],"collection":[{"href":"https:\/\/kinderhilfeverein-indien.de\/index.php?rest_route=\/wp\/v2\/pages"}],"about":[{"href":"https:\/\/kinderhilfeverein-indien.de\/index.php?rest_route=\/wp\/v2\/types\/page"}],"author":[{"embeddable":true,"href":"https:\/\/kinderhilfeverein-indien.de\/index.php?rest_route=\/wp\/v2\/users\/1"}],"replies":[{"embeddable":true,"href":"https:\/\/kinderhilfeverein-indien.de\/index.php?rest_route=%2Fwp%2Fv2%2Fcomments&post=233"}],"version-history":[{"count":6,"href":"https:\/\/kinderhilfeverein-indien.de\/index.php?rest_route=\/wp\/v2\/pages\/233\/revisions"}],"predecessor-version":[{"id":242,"href":"https:\/\/kinderhilfeverein-indien.de\/index.php?rest_route=\/wp\/v2\/pages\/233\/revisions\/242"}],"wp:attachment":[{"href":"https:\/\/kinderhilfeverein-indien.de\/index.php?rest_route=%2Fwp%2Fv2%2Fmedia&parent=233"}],"curies":[{"name":"wp","href":"https:\/\/api.w.org\/{rel}","templated":true}]}}